{"id":11,"date":"2018-05-31T14:13:43","date_gmt":"2018-05-31T14:13:43","guid":{"rendered":"https:\/\/www.perxfoto.de\/?page_id=11"},"modified":"2018-12-01T10:21:40","modified_gmt":"2018-12-01T10:21:40","slug":"blog","status":"publish","type":"page","link":"https:\/\/www.perxfoto.de\/index.php\/blog\/","title":{"rendered":"\u00dcber mich"},"content":{"rendered":"<p>Mein Name ist Peter Mayrhofer und bin 1968 in Wasserburg geboren.<\/p>\n<p>Fotografie begeistert mich schon seit meiner Kindheit.<br \/>\nAls Jugendlicher habe ich an Fotokursen teilgenommen, die an unserer Schule angeboten wurden. Hier erlernte ich die Grundlagen der Fotografie. Vom Zusammenhang zwischen Blendenzahl, Belichtungszeit und vorhandenem Licht, bis hin zum Entwickeln der Filme und Fotos in der Dunkelkammer.<br \/>\nDas noch alles mit Kleinbildkamera mit schwarz\/wei\u00df \u2013 Film und Belichtungsmesser.<\/p>\n<p>Vor einigen Jahren habe ich mir einen langj\u00e4hrigen Traum erf\u00fcllt und mir eine professionelle Fotoausr\u00fcstung zugelegt.<\/p>\n<p>In dieser Zeit sind durch Reisen, gezielte Fototouren und auch spontanen Schnappsch\u00fcssen in unserem Garten viele sehenswerte Bilder entstanden.<\/p>\n<p>Hier biete ich einen Auszug meiner\u00a0 Bildersammlung in verschiedenen Kategorien zur Ansicht an.<\/p>\n<p>Falls n\u00e4heres Interesse an einem Bild besteht, bitte kontaktieren Sie mich.<\/p>\n<p>Vielen Dank f\u00fcr das Interesse<img loading=\"lazy\" decoding=\"async\" class=\"size-medium wp-image-39 alignright\" src=\"https:\/\/www.perxfoto.de\/wp-content\/uploads\/2018\/06\/Perx5-e1542119051256-300x237.jpg\" alt=\"\" width=\"300\" height=\"237\" srcset=\"https:\/\/www.perxfoto.de\/wp-content\/uploads\/2018\/06\/Perx5-e1542119051256-300x237.jpg 300w, https:\/\/www.perxfoto.de\/wp-content\/uploads\/2018\/06\/Perx5-e1542119051256-768x608.jpg 768w, https:\/\/www.perxfoto.de\/wp-content\/uploads\/2018\/06\/Perx5-e1542119051256-1024x810.jpg 1024w\" sizes=\"auto, (max-width: 300px) 100vw, 300px\" \/><br \/>\nund viel Spa\u00df beim St\u00f6bern.<\/p>\n<p>Peter Mayrhofer &#8211; Perx<\/p>\n","protected":false},"excerpt":{"rendered":"<p>Mein Name ist Peter Mayrhofer und bin 1968 in Wasserburg geboren. Fotografie begeistert mich schon seit meiner Kindheit. Als Jugendlicher habe ich an Fotokursen teilgenommen, die an unserer Schule angeboten wurden. Hier erlernte ich die Grundlagen der Fotografie. Vom Zusammenhang zwischen Blendenzahl, Belichtungszeit und vorhandenem Licht, bis hin zum Entwickeln der Filme und Fotos in &hellip; <\/p>\n<p class=\"link-more\"><a href=\"https:\/\/www.perxfoto.de\/index.php\/blog\/\" class=\"more-link\"><span class=\"screen-reader-text\">\u201e\u00dcber mich\u201c <\/span>weiterlesen<\/a><\/p>\n","protected":false},"author":1,"featured_media":35,"parent":0,"menu_order":0,"comment_status":"closed","ping_status":"closed","template":"","meta":{"two_page_speed":[],"footnotes":""},"class_list":["post-11","page","type-page","status-publish","has-post-thumbnail","hentry"],"_links":{"self":[{"href":"https:\/\/www.perxfoto.de\/index.php\/wp-json\/wp\/v2\/pages\/11","targetHints":{"allow":["GET"]}}],"collection":[{"href":"https:\/\/www.perxfoto.de\/index.php\/wp-json\/wp\/v2\/pages"}],"about":[{"href":"https:\/\/www.perxfoto.de\/index.php\/wp-json\/wp\/v2\/types\/page"}],"author":[{"embeddable":true,"href":"https:\/\/www.perxfoto.de\/index.php\/wp-json\/wp\/v2\/users\/1"}],"replies":[{"embeddable":true,"href":"https:\/\/www.perxfoto.de\/index.php\/wp-json\/wp\/v2\/comments?post=11"}],"version-history":[{"count":6,"href":"https:\/\/www.perxfoto.de\/index.php\/wp-json\/wp\/v2\/pages\/11\/revisions"}],"predecessor-version":[{"id":493,"href":"https:\/\/www.perxfoto.de\/index.php\/wp-json\/wp\/v2\/pages\/11\/revisions\/493"}],"wp:featuredmedia":[{"embeddable":true,"href":"https:\/\/www.perxfoto.de\/index.php\/wp-json\/wp\/v2\/media\/35"}],"wp:attachment":[{"href":"https:\/\/www.perxfoto.de\/index.php\/wp-json\/wp\/v2\/media?parent=11"}],"curies":[{"name":"wp","href":"https:\/\/api.w.org\/{rel}","templated":true}]}}